{"id":222,"date":"2026-02-28T13:44:21","date_gmt":"2026-02-28T13:44:21","guid":{"rendered":"https:\/\/opticasella.com.br\/loja\/?post_type=product&#038;p=222"},"modified":"2026-03-04T17:49:24","modified_gmt":"2026-03-04T20:49:24","slug":"mykita-yola","status":"publish","type":"product","link":"https:\/\/opticasella.com.br\/loja\/product\/mykita-yola\/","title":{"rendered":"MYKITA &#8211; YOLA"},"content":{"rendered":"<p>Cor: <strong>MARROM TARTARUGA &#8211; DOURADO<\/strong><\/p>\n<p>Material: <strong>ARMA\u00c7\u00c3O EM ACETATO E METAL<\/strong><\/p>\n<p>Tamanho: <strong>53<\/strong><\/p>\n<p>G\u00eanero: <strong>FEMININO<\/strong><\/p>\n<p>Esta arma\u00e7\u00e3o de \u00f3culos da cole\u00e7\u00e3o LITE foi concebida e fabricada de forma respons\u00e1vel, a partir de materiais reciclados. O conceito de design minimalista preza pelo m\u00e1ximo conforto em uma est\u00e9tica refinada. Feita \u00e0 m\u00e3o em Berlim.<\/p>\n","protected":false},"excerpt":{"rendered":"<p>Esta arma\u00e7\u00e3o de \u00f3culos da cole\u00e7\u00e3o LITE foi concebida e fabricada de forma respons\u00e1vel, a partir de materiais reciclados. O conceito de design minimalista preza pelo m\u00e1ximo conforto em uma est\u00e9tica refinada. Feita \u00e0 m\u00e3o em Berlim.<\/p>\n","protected":false},"featured_media":180,"comment_status":"closed","ping_status":"closed","template":"","meta":[],"product_brand":[22],"product_cat":[15],"product_tag":[],"class_list":{"0":"post-222","1":"product","2":"type-product","3":"status-publish","4":"has-post-thumbnail","6":"product_brand-mykita","7":"product_cat-oculos-de-grau","8":"product_shipping_class-melhor-envio","10":"first","11":"instock","12":"taxable","13":"shipping-taxable","14":"purchasable","15":"product-type-simple"},"jetpack_sharing_enabled":true,"_links":{"self":[{"href":"https:\/\/opticasella.com.br\/loja\/wp-json\/wp\/v2\/product\/222","targetHints":{"allow":["GET"]}}],"collection":[{"href":"https:\/\/opticasella.com.br\/loja\/wp-json\/wp\/v2\/product"}],"about":[{"href":"https:\/\/opticasella.com.br\/loja\/wp-json\/wp\/v2\/types\/product"}],"replies":[{"embeddable":true,"href":"https:\/\/opticasella.com.br\/loja\/wp-json\/wp\/v2\/comments?post=222"}],"wp:featuredmedia":[{"embeddable":true,"href":"https:\/\/opticasella.com.br\/loja\/wp-json\/wp\/v2\/media\/180"}],"wp:attachment":[{"href":"https:\/\/opticasella.com.br\/loja\/wp-json\/wp\/v2\/media?parent=222"}],"wp:term":[{"taxonomy":"product_brand","embeddable":true,"href":"https:\/\/opticasella.com.br\/loja\/wp-json\/wp\/v2\/product_brand?post=222"},{"taxonomy":"product_cat","embeddable":true,"href":"https:\/\/opticasella.com.br\/loja\/wp-json\/wp\/v2\/product_cat?post=222"},{"taxonomy":"product_tag","embeddable":true,"href":"https:\/\/opticasella.com.br\/loja\/wp-json\/wp\/v2\/product_tag?post=222"}],"curies":[{"name":"wp","href":"https:\/\/api.w.org\/{rel}","templated":true}]}}