{"id":220,"date":"2026-02-28T13:34:57","date_gmt":"2026-02-28T13:34:57","guid":{"rendered":"https:\/\/opticasella.com.br\/loja\/?post_type=product&#038;p=220"},"modified":"2026-03-04T17:49:24","modified_gmt":"2026-03-04T20:49:24","slug":"mykita-asger","status":"publish","type":"product","link":"https:\/\/opticasella.com.br\/loja\/product\/mykita-asger\/","title":{"rendered":"MYKITA &#8211; ASGER"},"content":{"rendered":"<p>Cor: <strong>PRATA &#8211; AZUL MARINHO FOSCO<\/strong><\/p>\n<p>Material: <strong>ARMA\u00c7\u00c3O EM A\u00c7O INOXIDAVEL<\/strong><\/p>\n<p>Tamanho: <strong>55<\/strong><\/p>\n<p>G\u00eanero: <strong>UNISSEX<\/strong><\/p>\n<p>Esta arma\u00e7\u00e3o de \u00f3culos da cole\u00e7\u00e3o LESSRIM foi concebida e fabricada de forma respons\u00e1vel em a\u00e7o inoxid\u00e1vel circular. O conceito de material reduzido apresenta aros ultrafinos que sustentam as lentes, proporcionando uma est\u00e9tica leve e arejada. Feita \u00e0 m\u00e3o em Berlim.<\/p>\n","protected":false},"excerpt":{"rendered":"<p>Esta arma\u00e7\u00e3o de \u00f3culos da cole\u00e7\u00e3o LESSRIM foi concebida e fabricada de forma respons\u00e1vel em a\u00e7o inoxid\u00e1vel circular. O conceito de material reduzido apresenta aros ultrafinos que sustentam as lentes, proporcionando uma est\u00e9tica leve e arejada. Feita \u00e0 m\u00e3o em Berlim.<\/p>\n","protected":false},"featured_media":174,"comment_status":"closed","ping_status":"closed","template":"","meta":[],"product_brand":[22],"product_cat":[15],"product_tag":[],"class_list":{"0":"post-220","1":"product","2":"type-product","3":"status-publish","4":"has-post-thumbnail","6":"product_brand-mykita","7":"product_cat-oculos-de-grau","8":"product_shipping_class-melhor-envio","10":"first","11":"instock","12":"taxable","13":"shipping-taxable","14":"purchasable","15":"product-type-simple"},"jetpack_sharing_enabled":true,"_links":{"self":[{"href":"https:\/\/opticasella.com.br\/loja\/wp-json\/wp\/v2\/product\/220","targetHints":{"allow":["GET"]}}],"collection":[{"href":"https:\/\/opticasella.com.br\/loja\/wp-json\/wp\/v2\/product"}],"about":[{"href":"https:\/\/opticasella.com.br\/loja\/wp-json\/wp\/v2\/types\/product"}],"replies":[{"embeddable":true,"href":"https:\/\/opticasella.com.br\/loja\/wp-json\/wp\/v2\/comments?post=220"}],"wp:featuredmedia":[{"embeddable":true,"href":"https:\/\/opticasella.com.br\/loja\/wp-json\/wp\/v2\/media\/174"}],"wp:attachment":[{"href":"https:\/\/opticasella.com.br\/loja\/wp-json\/wp\/v2\/media?parent=220"}],"wp:term":[{"taxonomy":"product_brand","embeddable":true,"href":"https:\/\/opticasella.com.br\/loja\/wp-json\/wp\/v2\/product_brand?post=220"},{"taxonomy":"product_cat","embeddable":true,"href":"https:\/\/opticasella.com.br\/loja\/wp-json\/wp\/v2\/product_cat?post=220"},{"taxonomy":"product_tag","embeddable":true,"href":"https:\/\/opticasella.com.br\/loja\/wp-json\/wp\/v2\/product_tag?post=220"}],"curies":[{"name":"wp","href":"https:\/\/api.w.org\/{rel}","templated":true}]}}