{"id":219,"date":"2026-02-28T13:32:29","date_gmt":"2026-02-28T13:32:29","guid":{"rendered":"https:\/\/opticasella.com.br\/loja\/?post_type=product&#038;p=219"},"modified":"2026-03-04T17:49:24","modified_gmt":"2026-03-04T20:49:24","slug":"garrett-leight-whitney","status":"publish","type":"product","link":"https:\/\/opticasella.com.br\/loja\/product\/garrett-leight-whitney\/","title":{"rendered":"GARRETT LEIGHT &#8211; WHITNEY"},"content":{"rendered":"<p>Cor: <strong>ROSE TRANSPARENTE<\/strong><\/p>\n<p>Material: <strong>ARMA\u00c7\u00c3O EM ACETATO<\/strong><\/p>\n<p>Tamanho: <strong>49<\/strong><\/p>\n<p>G\u00eanero: <strong>FEMININO<\/strong><\/p>\n<p>Whitney \u00e9 um modelo feminino de formato quadrado com um ajuste oversized. Fina e leve para um uso sem esfor\u00e7o, a arma\u00e7\u00e3o \u00e9 constru\u00edda com uma dobradi\u00e7a de 5 pinos e ponte nasal em formato de sela.<\/p>\n","protected":false},"excerpt":{"rendered":"<p>Whitney \u00e9 um modelo feminino de formato quadrado com um ajuste oversized. Fina e leve para um uso sem esfor\u00e7o, a arma\u00e7\u00e3o \u00e9 constru\u00edda com uma dobradi\u00e7a de 5 pinos e ponte nasal em formato de sela.<\/p>\n","protected":false},"featured_media":161,"comment_status":"closed","ping_status":"closed","template":"","meta":[],"product_brand":[21],"product_cat":[15],"product_tag":[],"class_list":{"0":"post-219","1":"product","2":"type-product","3":"status-publish","4":"has-post-thumbnail","6":"product_brand-garrett-leight","7":"product_cat-oculos-de-grau","8":"product_shipping_class-melhor-envio","10":"first","11":"instock","12":"taxable","13":"shipping-taxable","14":"purchasable","15":"product-type-simple"},"jetpack_sharing_enabled":true,"_links":{"self":[{"href":"https:\/\/opticasella.com.br\/loja\/wp-json\/wp\/v2\/product\/219","targetHints":{"allow":["GET"]}}],"collection":[{"href":"https:\/\/opticasella.com.br\/loja\/wp-json\/wp\/v2\/product"}],"about":[{"href":"https:\/\/opticasella.com.br\/loja\/wp-json\/wp\/v2\/types\/product"}],"replies":[{"embeddable":true,"href":"https:\/\/opticasella.com.br\/loja\/wp-json\/wp\/v2\/comments?post=219"}],"wp:featuredmedia":[{"embeddable":true,"href":"https:\/\/opticasella.com.br\/loja\/wp-json\/wp\/v2\/media\/161"}],"wp:attachment":[{"href":"https:\/\/opticasella.com.br\/loja\/wp-json\/wp\/v2\/media?parent=219"}],"wp:term":[{"taxonomy":"product_brand","embeddable":true,"href":"https:\/\/opticasella.com.br\/loja\/wp-json\/wp\/v2\/product_brand?post=219"},{"taxonomy":"product_cat","embeddable":true,"href":"https:\/\/opticasella.com.br\/loja\/wp-json\/wp\/v2\/product_cat?post=219"},{"taxonomy":"product_tag","embeddable":true,"href":"https:\/\/opticasella.com.br\/loja\/wp-json\/wp\/v2\/product_tag?post=219"}],"curies":[{"name":"wp","href":"https:\/\/api.w.org\/{rel}","templated":true}]}}