{"id":218,"date":"2026-02-28T13:30:21","date_gmt":"2026-02-28T13:30:21","guid":{"rendered":"https:\/\/opticasella.com.br\/loja\/?post_type=product&#038;p=218"},"modified":"2026-03-04T17:49:24","modified_gmt":"2026-03-04T20:49:24","slug":"garrett-leight-boon","status":"publish","type":"product","link":"https:\/\/opticasella.com.br\/loja\/product\/garrett-leight-boon\/","title":{"rendered":"GARRETT LEIGHT &#8211; BOON"},"content":{"rendered":"<p>Cor: <strong>MARROM TARTARUGA<\/strong><\/p>\n<p>Material: <strong>ARMA\u00c7\u00c3O EM ACETATO<\/strong><\/p>\n<p>Tamanho: <strong>52<\/strong><\/p>\n<p>G\u00eanero: <strong>MASCULINO<\/strong><\/p>\n<p>O modelo Boon \u00e9 um \u00f3culos de grau tradicional, de formato retangular e com arma\u00e7\u00e3o semi-arredondada. Esta arma\u00e7\u00e3o cl\u00e1ssica apresenta uma fina camada de acetato, ponte em formato de fechadura para maior conforto e os pinos caracter\u00edsticos da GLCO.<\/p>\n","protected":false},"excerpt":{"rendered":"<p>O modelo Boon \u00e9 um \u00f3culos de grau tradicional, de formato retangular e com arma\u00e7\u00e3o semi-arredondada. Esta arma\u00e7\u00e3o cl\u00e1ssica apresenta uma fina camada de acetato, ponte em formato de fechadura para maior conforto e os pinos caracter\u00edsticos da GLCO.<\/p>\n","protected":false},"featured_media":155,"comment_status":"closed","ping_status":"closed","template":"","meta":[],"product_brand":[21],"product_cat":[15],"product_tag":[],"class_list":{"0":"post-218","1":"product","2":"type-product","3":"status-publish","4":"has-post-thumbnail","6":"product_brand-garrett-leight","7":"product_cat-oculos-de-grau","8":"product_shipping_class-melhor-envio","10":"first","11":"instock","12":"taxable","13":"shipping-taxable","14":"purchasable","15":"product-type-simple"},"jetpack_sharing_enabled":true,"_links":{"self":[{"href":"https:\/\/opticasella.com.br\/loja\/wp-json\/wp\/v2\/product\/218","targetHints":{"allow":["GET"]}}],"collection":[{"href":"https:\/\/opticasella.com.br\/loja\/wp-json\/wp\/v2\/product"}],"about":[{"href":"https:\/\/opticasella.com.br\/loja\/wp-json\/wp\/v2\/types\/product"}],"replies":[{"embeddable":true,"href":"https:\/\/opticasella.com.br\/loja\/wp-json\/wp\/v2\/comments?post=218"}],"wp:featuredmedia":[{"embeddable":true,"href":"https:\/\/opticasella.com.br\/loja\/wp-json\/wp\/v2\/media\/155"}],"wp:attachment":[{"href":"https:\/\/opticasella.com.br\/loja\/wp-json\/wp\/v2\/media?parent=218"}],"wp:term":[{"taxonomy":"product_brand","embeddable":true,"href":"https:\/\/opticasella.com.br\/loja\/wp-json\/wp\/v2\/product_brand?post=218"},{"taxonomy":"product_cat","embeddable":true,"href":"https:\/\/opticasella.com.br\/loja\/wp-json\/wp\/v2\/product_cat?post=218"},{"taxonomy":"product_tag","embeddable":true,"href":"https:\/\/opticasella.com.br\/loja\/wp-json\/wp\/v2\/product_tag?post=218"}],"curies":[{"name":"wp","href":"https:\/\/api.w.org\/{rel}","templated":true}]}}