{"id":215,"date":"2026-02-28T13:14:40","date_gmt":"2026-02-28T13:14:40","guid":{"rendered":"https:\/\/opticasella.com.br\/loja\/?post_type=product&#038;p=215"},"modified":"2026-03-04T17:49:25","modified_gmt":"2026-03-04T20:49:25","slug":"anne-valentin-ada","status":"publish","type":"product","link":"https:\/\/opticasella.com.br\/loja\/product\/anne-valentin-ada\/","title":{"rendered":"ANNE &#038; VALENTIN &#8211; ADA"},"content":{"rendered":"<p>Cor: <strong>MARROM TARTARUGA &#8211; ROSE TRANSPARENTE<\/strong><\/p>\n<p>Material: <strong>ARMA\u00c7\u00c3O EM ACETATO<\/strong><\/p>\n<p>Tamanho: <strong>45<\/strong><\/p>\n<p>G\u00eanero: <strong>FEMININO<\/strong><\/p>\n<p>Formato quadrado pequeno com di\u00e2metro arredondado. Estrutura. Veste sem disfarce. Elegante. Chique, at\u00e9 mesmo, gra\u00e7as \u00e0 sua ponte levemente assim\u00e9trica. Alonga o olhar para olhos suaves e expressivos.<\/p>\n","protected":false},"excerpt":{"rendered":"<p>Formato quadrado pequeno com di\u00e2metro arredondado. Estrutura. Veste sem disfarce. Elegante. Chique, at\u00e9 mesmo, gra\u00e7as \u00e0 sua ponte levemente assim\u00e9trica. Alonga o olhar para olhos suaves e expressivos.<\/p>\n","protected":false},"featured_media":151,"comment_status":"closed","ping_status":"closed","template":"","meta":[],"product_brand":[20],"product_cat":[15],"product_tag":[],"class_list":{"0":"post-215","1":"product","2":"type-product","3":"status-publish","4":"has-post-thumbnail","6":"product_brand-anne-valentin","7":"product_cat-oculos-de-grau","8":"product_shipping_class-melhor-envio","10":"first","11":"instock","12":"taxable","13":"shipping-taxable","14":"purchasable","15":"product-type-simple"},"jetpack_sharing_enabled":true,"_links":{"self":[{"href":"https:\/\/opticasella.com.br\/loja\/wp-json\/wp\/v2\/product\/215","targetHints":{"allow":["GET"]}}],"collection":[{"href":"https:\/\/opticasella.com.br\/loja\/wp-json\/wp\/v2\/product"}],"about":[{"href":"https:\/\/opticasella.com.br\/loja\/wp-json\/wp\/v2\/types\/product"}],"replies":[{"embeddable":true,"href":"https:\/\/opticasella.com.br\/loja\/wp-json\/wp\/v2\/comments?post=215"}],"wp:featuredmedia":[{"embeddable":true,"href":"https:\/\/opticasella.com.br\/loja\/wp-json\/wp\/v2\/media\/151"}],"wp:attachment":[{"href":"https:\/\/opticasella.com.br\/loja\/wp-json\/wp\/v2\/media?parent=215"}],"wp:term":[{"taxonomy":"product_brand","embeddable":true,"href":"https:\/\/opticasella.com.br\/loja\/wp-json\/wp\/v2\/product_brand?post=215"},{"taxonomy":"product_cat","embeddable":true,"href":"https:\/\/opticasella.com.br\/loja\/wp-json\/wp\/v2\/product_cat?post=215"},{"taxonomy":"product_tag","embeddable":true,"href":"https:\/\/opticasella.com.br\/loja\/wp-json\/wp\/v2\/product_tag?post=215"}],"curies":[{"name":"wp","href":"https:\/\/api.w.org\/{rel}","templated":true}]}}