{"id":214,"date":"2026-02-28T13:12:06","date_gmt":"2026-02-28T13:12:06","guid":{"rendered":"https:\/\/opticasella.com.br\/loja\/?post_type=product&#038;p=214"},"modified":"2026-03-04T17:49:25","modified_gmt":"2026-03-04T20:49:25","slug":"anne-valentin-abira-2","status":"publish","type":"product","link":"https:\/\/opticasella.com.br\/loja\/product\/anne-valentin-abira-2\/","title":{"rendered":"ANNE &#038; VALENTIN &#8211; ABIRA"},"content":{"rendered":"<p>Cor: PRETO<\/p>\n<p>Material: ARMA\u00c7\u00c3O EM ACETATO<\/p>\n<p>Tamanho: 48<\/p>\n<p>G\u00eanero: FEMININO<\/p>\n<p>Octogonal com bordas chanfradas. Orientada para a moda com suas curvas sutis. Energiza e real\u00e7a os tra\u00e7os faciais. Estrutura atrav\u00e9s de sua geometria. Leve. Expressiva.<\/p>\n","protected":false},"excerpt":{"rendered":"<p>Octogonal com bordas chanfradas. Orientada para a moda com suas curvas sutis. Energiza e real\u00e7a os tra\u00e7os faciais. Estrutura atrav\u00e9s de sua geometria. Leve. Expressiva.<\/p>\n","protected":false},"featured_media":150,"comment_status":"closed","ping_status":"closed","template":"","meta":[],"product_brand":[20],"product_cat":[15],"product_tag":[],"class_list":{"0":"post-214","1":"product","2":"type-product","3":"status-publish","4":"has-post-thumbnail","6":"product_brand-anne-valentin","7":"product_cat-oculos-de-grau","8":"product_shipping_class-melhor-envio","10":"first","11":"instock","12":"taxable","13":"shipping-taxable","14":"purchasable","15":"product-type-simple"},"jetpack_sharing_enabled":true,"_links":{"self":[{"href":"https:\/\/opticasella.com.br\/loja\/wp-json\/wp\/v2\/product\/214","targetHints":{"allow":["GET"]}}],"collection":[{"href":"https:\/\/opticasella.com.br\/loja\/wp-json\/wp\/v2\/product"}],"about":[{"href":"https:\/\/opticasella.com.br\/loja\/wp-json\/wp\/v2\/types\/product"}],"replies":[{"embeddable":true,"href":"https:\/\/opticasella.com.br\/loja\/wp-json\/wp\/v2\/comments?post=214"}],"wp:featuredmedia":[{"embeddable":true,"href":"https:\/\/opticasella.com.br\/loja\/wp-json\/wp\/v2\/media\/150"}],"wp:attachment":[{"href":"https:\/\/opticasella.com.br\/loja\/wp-json\/wp\/v2\/media?parent=214"}],"wp:term":[{"taxonomy":"product_brand","embeddable":true,"href":"https:\/\/opticasella.com.br\/loja\/wp-json\/wp\/v2\/product_brand?post=214"},{"taxonomy":"product_cat","embeddable":true,"href":"https:\/\/opticasella.com.br\/loja\/wp-json\/wp\/v2\/product_cat?post=214"},{"taxonomy":"product_tag","embeddable":true,"href":"https:\/\/opticasella.com.br\/loja\/wp-json\/wp\/v2\/product_tag?post=214"}],"curies":[{"name":"wp","href":"https:\/\/api.w.org\/{rel}","templated":true}]}}