{"id":212,"date":"2026-02-28T13:08:16","date_gmt":"2026-02-28T13:08:16","guid":{"rendered":"https:\/\/opticasella.com.br\/loja\/?post_type=product&#038;p=212"},"modified":"2026-03-04T17:49:25","modified_gmt":"2026-03-04T20:49:25","slug":"ahlem-pontoise","status":"publish","type":"product","link":"https:\/\/opticasella.com.br\/loja\/product\/ahlem-pontoise\/","title":{"rendered":"AHLEM &#8211; PONTOISE"},"content":{"rendered":"<p>Cor: <strong>CINZA TRANSPARENTE &#8211; DOURADO<\/strong><\/p>\n<p>Material: <strong>ARMA\u00c7\u00c3O EM ACETATO<\/strong><\/p>\n<p>Tamanho: <strong>50<\/strong><\/p>\n<p>G\u00eanero: <strong>UNISSEX<\/strong><\/p>\n<p>Uma forma \u00f3ptica imponente, composta por linhas exteriores marcantes e contornos internos esculpidos. O amplo campo visual oferece uma vis\u00e3o desimpedida do todo, enquanto a sobriedade arquitet\u00f4nica e os volumes deliberados evocam raz\u00e3o e civilidade.<\/p>\n","protected":false},"excerpt":{"rendered":"<p>Uma forma \u00f3ptica imponente, composta por linhas exteriores marcantes e contornos internos esculpidos. O amplo campo visual oferece uma vis\u00e3o desimpedida do todo, enquanto a sobriedade arquitet\u00f4nica e os volumes deliberados evocam raz\u00e3o e civilidade.<\/p>\n","protected":false},"featured_media":148,"comment_status":"closed","ping_status":"closed","template":"","meta":[],"product_brand":[19],"product_cat":[15],"product_tag":[],"class_list":{"0":"post-212","1":"product","2":"type-product","3":"status-publish","4":"has-post-thumbnail","6":"product_brand-ahlem","7":"product_cat-oculos-de-grau","8":"product_shipping_class-melhor-envio","10":"first","11":"instock","12":"taxable","13":"shipping-taxable","14":"purchasable","15":"product-type-simple"},"jetpack_sharing_enabled":true,"_links":{"self":[{"href":"https:\/\/opticasella.com.br\/loja\/wp-json\/wp\/v2\/product\/212","targetHints":{"allow":["GET"]}}],"collection":[{"href":"https:\/\/opticasella.com.br\/loja\/wp-json\/wp\/v2\/product"}],"about":[{"href":"https:\/\/opticasella.com.br\/loja\/wp-json\/wp\/v2\/types\/product"}],"replies":[{"embeddable":true,"href":"https:\/\/opticasella.com.br\/loja\/wp-json\/wp\/v2\/comments?post=212"}],"wp:featuredmedia":[{"embeddable":true,"href":"https:\/\/opticasella.com.br\/loja\/wp-json\/wp\/v2\/media\/148"}],"wp:attachment":[{"href":"https:\/\/opticasella.com.br\/loja\/wp-json\/wp\/v2\/media?parent=212"}],"wp:term":[{"taxonomy":"product_brand","embeddable":true,"href":"https:\/\/opticasella.com.br\/loja\/wp-json\/wp\/v2\/product_brand?post=212"},{"taxonomy":"product_cat","embeddable":true,"href":"https:\/\/opticasella.com.br\/loja\/wp-json\/wp\/v2\/product_cat?post=212"},{"taxonomy":"product_tag","embeddable":true,"href":"https:\/\/opticasella.com.br\/loja\/wp-json\/wp\/v2\/product_tag?post=212"}],"curies":[{"name":"wp","href":"https:\/\/api.w.org\/{rel}","templated":true}]}}