{"id":134,"date":"2026-02-27T13:12:53","date_gmt":"2026-02-27T13:12:53","guid":{"rendered":"https:\/\/opticasella.com.br\/loja\/product\/jacquemus-42\/"},"modified":"2026-03-04T18:05:58","modified_gmt":"2026-03-04T21:05:58","slug":"jacquemus-42","status":"publish","type":"product","link":"https:\/\/opticasella.com.br\/loja\/product\/jacquemus-42\/","title":{"rendered":"JACQUEMUS &#8211; 42"},"content":{"rendered":"<p>Cor: <strong>PRETO FOSCO LT AMARELA<\/strong><\/p>\n<p>Material: <strong>\u00d3CULOS DE SOL EM ACETATO<\/strong><\/p>\n<p>Tamanho: <strong>56<\/strong><\/p>\n<p>G\u00eanero: <strong>UNISSEX<\/strong><\/p>\n<p>\u00d3culos de sol em acetato. Arma\u00e7\u00e3o angular opaca inspirada na Bambino. Pontas com c\u00edrculo e quadrado em a\u00e7o inoxid\u00e1vel. 100% acetato. Feito em Jap\u00e3o<\/p>\n","protected":false},"excerpt":{"rendered":"<p>\u00d3culos de sol em acetato. Arma\u00e7\u00e3o angular opaca inspirada na Bambino. Pontas com c\u00edrculo e quadrado em a\u00e7o inoxid\u00e1vel. 100% acetato. Feito em Jap\u00e3o<\/p>\n","protected":false},"featured_media":170,"comment_status":"open","ping_status":"closed","template":"","meta":[],"product_brand":[23],"product_cat":[16],"product_tag":[],"class_list":{"0":"post-134","1":"product","2":"type-product","3":"status-publish","4":"has-post-thumbnail","6":"product_brand-jacquemus","7":"product_cat-oculos-de-sol","8":"product_shipping_class-melhor-envio","10":"first","11":"instock","12":"taxable","13":"shipping-taxable","14":"purchasable","15":"product-type-simple"},"jetpack_sharing_enabled":true,"_links":{"self":[{"href":"https:\/\/opticasella.com.br\/loja\/wp-json\/wp\/v2\/product\/134","targetHints":{"allow":["GET"]}}],"collection":[{"href":"https:\/\/opticasella.com.br\/loja\/wp-json\/wp\/v2\/product"}],"about":[{"href":"https:\/\/opticasella.com.br\/loja\/wp-json\/wp\/v2\/types\/product"}],"replies":[{"embeddable":true,"href":"https:\/\/opticasella.com.br\/loja\/wp-json\/wp\/v2\/comments?post=134"}],"wp:featuredmedia":[{"embeddable":true,"href":"https:\/\/opticasella.com.br\/loja\/wp-json\/wp\/v2\/media\/170"}],"wp:attachment":[{"href":"https:\/\/opticasella.com.br\/loja\/wp-json\/wp\/v2\/media?parent=134"}],"wp:term":[{"taxonomy":"product_brand","embeddable":true,"href":"https:\/\/opticasella.com.br\/loja\/wp-json\/wp\/v2\/product_brand?post=134"},{"taxonomy":"product_cat","embeddable":true,"href":"https:\/\/opticasella.com.br\/loja\/wp-json\/wp\/v2\/product_cat?post=134"},{"taxonomy":"product_tag","embeddable":true,"href":"https:\/\/opticasella.com.br\/loja\/wp-json\/wp\/v2\/product_tag?post=134"}],"curies":[{"name":"wp","href":"https:\/\/api.w.org\/{rel}","templated":true}]}}