{"id":133,"date":"2026-02-27T13:12:53","date_gmt":"2026-02-27T13:12:53","guid":{"rendered":"https:\/\/opticasella.com.br\/loja\/product\/garrett-leight-julien\/"},"modified":"2026-03-04T17:49:26","modified_gmt":"2026-03-04T20:49:26","slug":"garrett-leight-julien","status":"publish","type":"product","link":"https:\/\/opticasella.com.br\/loja\/product\/garrett-leight-julien\/","title":{"rendered":"GARRETT LEIGHT &#8211; JULIEN"},"content":{"rendered":"<p>Cor: <strong>CARAMELO TARTARUGA LT MARROM<\/strong><\/p>\n<p>Material: <strong>OCULOS DE SOL EM ACETATO<\/strong><\/p>\n<p>Tamanho: <strong>49<\/strong><\/p>\n<p>G\u00eanero: <strong>UNISSEX<\/strong><\/p>\n<p>Julien Sun \u00e9 uma arma\u00e7\u00e3o redonda de acetato com inspira\u00e7\u00e3o retr\u00f4, de perfil suave e arredondado, que evoca o estilo arrojado dos anos 60. Suas ponteiras arredondadas e hastes semicirculares exclusivas criam um visual distinto e divertido, que combina o charme vintage com um toque contempor\u00e2neo.<\/p>\n","protected":false},"excerpt":{"rendered":"<p>Julien Sun \u00e9 uma arma\u00e7\u00e3o redonda de acetato com inspira\u00e7\u00e3o retr\u00f4, de perfil suave e arredondado, que evoca o estilo arrojado dos anos 60. Suas ponteiras arredondadas e hastes semicirculares exclusivas criam um visual distinto e divertido, que combina o charme vintage com um toque contempor\u00e2neo.<\/p>\n","protected":false},"featured_media":158,"comment_status":"open","ping_status":"closed","template":"","meta":[],"product_brand":[21],"product_cat":[16],"product_tag":[],"class_list":{"0":"post-133","1":"product","2":"type-product","3":"status-publish","4":"has-post-thumbnail","6":"product_brand-garrett-leight","7":"product_cat-oculos-de-sol","8":"product_shipping_class-melhor-envio","10":"first","11":"instock","12":"taxable","13":"shipping-taxable","14":"purchasable","15":"product-type-simple"},"jetpack_sharing_enabled":true,"_links":{"self":[{"href":"https:\/\/opticasella.com.br\/loja\/wp-json\/wp\/v2\/product\/133","targetHints":{"allow":["GET"]}}],"collection":[{"href":"https:\/\/opticasella.com.br\/loja\/wp-json\/wp\/v2\/product"}],"about":[{"href":"https:\/\/opticasella.com.br\/loja\/wp-json\/wp\/v2\/types\/product"}],"replies":[{"embeddable":true,"href":"https:\/\/opticasella.com.br\/loja\/wp-json\/wp\/v2\/comments?post=133"}],"wp:featuredmedia":[{"embeddable":true,"href":"https:\/\/opticasella.com.br\/loja\/wp-json\/wp\/v2\/media\/158"}],"wp:attachment":[{"href":"https:\/\/opticasella.com.br\/loja\/wp-json\/wp\/v2\/media?parent=133"}],"wp:term":[{"taxonomy":"product_brand","embeddable":true,"href":"https:\/\/opticasella.com.br\/loja\/wp-json\/wp\/v2\/product_brand?post=133"},{"taxonomy":"product_cat","embeddable":true,"href":"https:\/\/opticasella.com.br\/loja\/wp-json\/wp\/v2\/product_cat?post=133"},{"taxonomy":"product_tag","embeddable":true,"href":"https:\/\/opticasella.com.br\/loja\/wp-json\/wp\/v2\/product_tag?post=133"}],"curies":[{"name":"wp","href":"https:\/\/api.w.org\/{rel}","templated":true}]}}