{"id":132,"date":"2026-02-27T13:12:53","date_gmt":"2026-02-27T13:12:53","guid":{"rendered":"https:\/\/opticasella.com.br\/loja\/product\/garrett-leight-archivist\/"},"modified":"2026-03-04T17:49:26","modified_gmt":"2026-03-04T20:49:26","slug":"garrett-leight-archivist","status":"publish","type":"product","link":"https:\/\/opticasella.com.br\/loja\/product\/garrett-leight-archivist\/","title":{"rendered":"GARRETT &#8211; LEIGHT ARCHIVIST"},"content":{"rendered":"<p>Cor: <strong>CINZA TRANPARENTE<\/strong><\/p>\n<p>Material: <strong>ARMACAO EM METAL COM ACETATO<\/strong><\/p>\n<p>Tamanho: <strong>44<\/strong><\/p>\n<p>G\u00eanero: <strong>UNISSEX<\/strong><\/p>\n<p>O modelo Archivist C \u00e9 uma arma\u00e7\u00e3o antiga do in\u00edcio do s\u00e9culo XX. Apresenta um design elegante com detalhes requintados. Apliques de filigrana de diamante na ponte e nas hastes conferem um toque de sofistica\u00e7\u00e3o.<\/p>\n","protected":false},"excerpt":{"rendered":"<p>O modelo Archivist C \u00e9 uma arma\u00e7\u00e3o antiga do in\u00edcio do s\u00e9culo XX. Apresenta um design elegante com detalhes requintados. Apliques de filigrana de diamante na ponte e nas hastes conferem um toque de sofistica\u00e7\u00e3o.<\/p>\n","protected":false},"featured_media":164,"comment_status":"open","ping_status":"closed","template":"","meta":[],"product_brand":[21],"product_cat":[15],"product_tag":[],"class_list":{"0":"post-132","1":"product","2":"type-product","3":"status-publish","4":"has-post-thumbnail","6":"product_brand-garrett-leight","7":"product_cat-oculos-de-grau","8":"product_shipping_class-melhor-envio","10":"first","11":"instock","12":"featured","13":"taxable","14":"shipping-taxable","15":"purchasable","16":"product-type-simple"},"jetpack_sharing_enabled":true,"_links":{"self":[{"href":"https:\/\/opticasella.com.br\/loja\/wp-json\/wp\/v2\/product\/132","targetHints":{"allow":["GET"]}}],"collection":[{"href":"https:\/\/opticasella.com.br\/loja\/wp-json\/wp\/v2\/product"}],"about":[{"href":"https:\/\/opticasella.com.br\/loja\/wp-json\/wp\/v2\/types\/product"}],"replies":[{"embeddable":true,"href":"https:\/\/opticasella.com.br\/loja\/wp-json\/wp\/v2\/comments?post=132"}],"wp:featuredmedia":[{"embeddable":true,"href":"https:\/\/opticasella.com.br\/loja\/wp-json\/wp\/v2\/media\/164"}],"wp:attachment":[{"href":"https:\/\/opticasella.com.br\/loja\/wp-json\/wp\/v2\/media?parent=132"}],"wp:term":[{"taxonomy":"product_brand","embeddable":true,"href":"https:\/\/opticasella.com.br\/loja\/wp-json\/wp\/v2\/product_brand?post=132"},{"taxonomy":"product_cat","embeddable":true,"href":"https:\/\/opticasella.com.br\/loja\/wp-json\/wp\/v2\/product_cat?post=132"},{"taxonomy":"product_tag","embeddable":true,"href":"https:\/\/opticasella.com.br\/loja\/wp-json\/wp\/v2\/product_tag?post=132"}],"curies":[{"name":"wp","href":"https:\/\/api.w.org\/{rel}","templated":true}]}}