{"id":128,"date":"2026-02-27T13:12:53","date_gmt":"2026-02-27T13:12:53","guid":{"rendered":"https:\/\/opticasella.com.br\/loja\/product\/ahlem-colisee\/"},"modified":"2026-03-04T17:49:26","modified_gmt":"2026-03-04T20:49:26","slug":"ahlem-colisee","status":"publish","type":"product","link":"https:\/\/opticasella.com.br\/loja\/product\/ahlem-colisee\/","title":{"rendered":"AHLEM &#8211; COLISEE"},"content":{"rendered":"<p>Cor: <strong>PRATA FOSCO LT VERDE<\/strong><\/p>\n<p>Material: <strong>OCULOS DE SOL EM METAL<\/strong><\/p>\n<p>Tamanho: <strong>55<\/strong><\/p>\n<p>G\u00eanero: <strong>UNISSEX<\/strong><\/p>\n<p>Esta elegante arma\u00e7\u00e3o unissex reduz o formato essencial e din\u00e2mico do modelo AHLEM \u00e0 sua ess\u00eancia. Acabamento requintado com aros filigranados e hastes chanfradas.<\/p>\n","protected":false},"excerpt":{"rendered":"<p>Esta elegante arma\u00e7\u00e3o unissex reduz o formato essencial e din\u00e2mico do modelo AHLEM \u00e0 sua ess\u00eancia. Acabamento requintado com aros filigranados e hastes chanfradas.<\/p>\n","protected":false},"featured_media":145,"comment_status":"open","ping_status":"closed","template":"","meta":[],"product_brand":[19],"product_cat":[16],"product_tag":[],"class_list":{"0":"post-128","1":"product","2":"type-product","3":"status-publish","4":"has-post-thumbnail","6":"product_brand-ahlem","7":"product_cat-oculos-de-sol","8":"product_shipping_class-melhor-envio","10":"first","11":"instock","12":"featured","13":"taxable","14":"shipping-taxable","15":"purchasable","16":"product-type-simple"},"jetpack_sharing_enabled":true,"_links":{"self":[{"href":"https:\/\/opticasella.com.br\/loja\/wp-json\/wp\/v2\/product\/128","targetHints":{"allow":["GET"]}}],"collection":[{"href":"https:\/\/opticasella.com.br\/loja\/wp-json\/wp\/v2\/product"}],"about":[{"href":"https:\/\/opticasella.com.br\/loja\/wp-json\/wp\/v2\/types\/product"}],"replies":[{"embeddable":true,"href":"https:\/\/opticasella.com.br\/loja\/wp-json\/wp\/v2\/comments?post=128"}],"wp:featuredmedia":[{"embeddable":true,"href":"https:\/\/opticasella.com.br\/loja\/wp-json\/wp\/v2\/media\/145"}],"wp:attachment":[{"href":"https:\/\/opticasella.com.br\/loja\/wp-json\/wp\/v2\/media?parent=128"}],"wp:term":[{"taxonomy":"product_brand","embeddable":true,"href":"https:\/\/opticasella.com.br\/loja\/wp-json\/wp\/v2\/product_brand?post=128"},{"taxonomy":"product_cat","embeddable":true,"href":"https:\/\/opticasella.com.br\/loja\/wp-json\/wp\/v2\/product_cat?post=128"},{"taxonomy":"product_tag","embeddable":true,"href":"https:\/\/opticasella.com.br\/loja\/wp-json\/wp\/v2\/product_tag?post=128"}],"curies":[{"name":"wp","href":"https:\/\/api.w.org\/{rel}","templated":true}]}}