{"id":188,"date":"2026-02-27T15:12:24","date_gmt":"2026-02-27T15:12:24","guid":{"rendered":"https:\/\/opticasella.com.br\/loja\/?page_id=188"},"modified":"2026-03-03T22:44:57","modified_gmt":"2026-03-04T01:44:57","slug":"nossas-lojas","status":"publish","type":"page","link":"https:\/\/opticasella.com.br\/loja\/nossas-lojas\/","title":{"rendered":"Nossas Lojas"},"content":{"rendered":"<section class=\"container my-5\">\n<p>  <!-- \u00d3ptica Sella Jardins --><\/p>\n<div class=\"mb-5\">\n<h3>\u00d3PTICA SELLA | Unidade Jardins<\/h3>\n<p>Rua Bela Cintra, 1787 &#8211; S\u00e3o Paulo &#8211; SP<\/p>\n<p>\n      <i class=\"bi bi-whatsapp me-2\" style=\"font-size: 1.2rem;\"><\/i><a href=\"https:\/\/wa.me\/5511976086538\" target=\"_blank\" rel=\"noopener\">(11) 97608-6538<\/a>\n    <\/p>\n<div class=\"ratio ratio-16x9\">\n      <iframe\n        src=\"https:\/\/www.google.com\/maps\/embed?pb=!1m18!1m12!1m3!1d3657.205993063947!2d-46.6665378!3d-23.5610441!2m3!1f0!2f0!3f0!3m2!1i1024!2i768!4f13.1!3m3!1m2!1s0x94ce59d49223bf05%3A0x6c907556d8b6b7b!2sR.%20Bela%20Cintra%2C%201787%20-%20Consola%C3%A7%C3%A3o%2C%20S%C3%A3o%20Paulo%20-%20SP%2C%2001415-007!5e0!3m2!1spt-BR!2sbr!4v1676421383832!5m2!1spt-BR!2sbr\"\n        style=\"border:0;\" allowfullscreen=\"\" loading=\"lazy\"\n        referrerpolicy=\"no-referrer-when-downgrade\"><br \/>\n      <\/iframe>\n    <\/div>\n<\/p><\/div>\n<hr>\n<p>  <!-- Cidade Jardim Shopping --><\/p>\n<div class=\"my-5\">\n<h3>\u00d3PTICA SELLA | Unidade Cidade Jardim Shopping<\/h3>\n<p>Av. Magalh\u00e3es de Castro, 12.000 &#8211; 2\u00ba piso &#8211; S\u00e3o Paulo &#8211; SP<\/p>\n<p>\n      <i class=\"bi bi-whatsapp me-2\" style=\"font-size: 1.2rem;\"><\/i><a href=\"https:\/\/wa.me\/5511989962538\" target=\"_blank\" rel=\"noopener\">(11) 98996-2538<\/a>\n    <\/p>\n<div class=\"ratio ratio-16x9\">\n      <iframe\n        src=\"https:\/\/www.google.com\/maps\/embed?pb=!1m18!1m12!1m3!1d3656.140846126634!2d-46.699626084406276!3d-23.59928116888016!2m3!1f0!2f0!3f0!3m2!1i1024!2i768!4f13.1!3m3!1m2!1s0x94ce573066c87c43%3A0xfbbc00fc4a33a377!2s%C3%93ptica%20Sella%20Cidade%20Jardim%20Shopping!5e0!3m2!1spt-BR!2sbr!4v1676422180032!5m2!1spt-BR!2sbr\"\n        style=\"border:0;\" allowfullscreen=\"\" loading=\"lazy\"\n        referrerpolicy=\"no-referrer-when-downgrade\"><br \/>\n      <\/iframe>\n    <\/div>\n<\/p><\/div>\n<hr>\n<p>  <!-- Zeiss by Sella Higien\u00f3polis --><\/p>\n<div class=\"my-5\">\n<h3>Zeiss by Sella | Unidade Higien\u00f3polis &#8211; Vila Boim<\/h3>\n<p>Rua Armando A. Penteado, 18A &#8211; S\u00e3o Paulo &#8211; SP<\/p>\n<p>\n      <i class=\"bi bi-whatsapp me-2\" style=\"font-size: 1.2rem;\"><\/i><a href=\"https:\/\/wa.me\/5511994483457\" target=\"_blank\" rel=\"noopener\">(11) 99448-3457<\/a>\n    <\/p>\n<div class=\"ratio ratio-16x9\">\n      <iframe\n        src=\"https:\/\/www.google.com\/maps\/embed?pb=!1m18!1m12!1m3!1d3657.6614498138633!2d-46.66398202373269!3d-23.544676060981164!2m3!1f0!2f0!3f0!3m2!1i1024!2i768!4f13.1!3m3!1m2!1s0x94ce5824cf398f33%3A0xcbbefad865e7b10e!2sR.%20Armando%20A.%20Penteado%2C%2018%20A%20-%20Higien%C3%B3polis%2C%20S%C3%A3o%20Paulo%20-%20SP%2C%2001242-010!5e0!3m2!1spt-BR!2sbr!4v1684790230161!5m2!1spt-BR!2sbr\"\n        style=\"border:0;\" allowfullscreen=\"\" loading=\"lazy\"\n        referrerpolicy=\"no-referrer-when-downgrade\"><br \/>\n      <\/iframe>\n    <\/div>\n<\/p><\/div>\n<hr>\n<p>  <!-- Outlet Catarina --><\/p>\n<div class=\"my-5\">\n<h3>Outlet \u00d3ptica Sella | Unidade Catarina Fashion Outlet<\/h3>\n<p>Rodovia Presidente Castello Branco, km 60 &#8211; S\u00e3o Roque &#8211; SP<\/p>\n<p>\n      <i class=\"bi bi-whatsapp me-2\" style=\"font-size: 1.2rem;\"><\/i><a href=\"https:\/\/wa.me\/5511992817387\" target=\"_blank\" rel=\"noopener\">(11) 99281-7387<\/a>\n    <\/p>\n<div class=\"ratio ratio-16x9\">\n      <iframe\n        src=\"https:\/\/www.google.com\/maps\/embed?pb=!1m18!1m12!1m3!1d3661.1289620582147!2d-47.16609172373626!3d-23.419708156405115!2m3!1f0!2f0!3f0!3m2!1i1024!2i768!4f13.1!3m3!1m2!1s0x94cf6ae30d35dc75%3A0xa8fe7168210ac699!2sRod.%20Pres.%20Castello%20Branco%2C%20km%2060%20-%20S%C3%A3o%20Roque%2C%20SP!5e0!3m2!1spt-BR!2sbr!4v1684790588690!5m2!1spt-BR!2sbr\"\n        style=\"border:0;\" allowfullscreen=\"\" loading=\"lazy\"\n        referrerpolicy=\"no-referrer-when-downgrade\"><br \/>\n      <\/iframe>\n    <\/div>\n<\/p><\/div>\n<\/section>\n","protected":false},"excerpt":{"rendered":"<p>\u00d3PTICA SELLA | Unidade Jardins Rua Bela Cintra, 1787 &#8211; S\u00e3o Paulo &#8211; SP (11) 97608-6538 \u00d3PTICA SELLA | Unidade Cidade Jardim Shopping Av. Magalh\u00e3es de Castro, 12.000 &#8211; 2\u00ba piso &#8211; S\u00e3o Paulo &#8211; SP (11) 98996-2538 Zeiss by Sella | Unidade Higien\u00f3polis &#8211; Vila Boim Rua Armando A. Penteado, 18A &#8211; S\u00e3o Paulo [&hellip;]<\/p>\n","protected":false},"author":1,"featured_media":249,"parent":0,"menu_order":0,"comment_status":"closed","ping_status":"closed","template":"page.php","meta":{"footnotes":""},"class_list":["post-188","page","type-page","status-publish","has-post-thumbnail","hentry"],"jetpack_sharing_enabled":true,"_links":{"self":[{"href":"https:\/\/opticasella.com.br\/loja\/wp-json\/wp\/v2\/pages\/188","targetHints":{"allow":["GET"]}}],"collection":[{"href":"https:\/\/opticasella.com.br\/loja\/wp-json\/wp\/v2\/pages"}],"about":[{"href":"https:\/\/opticasella.com.br\/loja\/wp-json\/wp\/v2\/types\/page"}],"author":[{"embeddable":true,"href":"https:\/\/opticasella.com.br\/loja\/wp-json\/wp\/v2\/users\/1"}],"replies":[{"embeddable":true,"href":"https:\/\/opticasella.com.br\/loja\/wp-json\/wp\/v2\/comments?post=188"}],"version-history":[{"count":9,"href":"https:\/\/opticasella.com.br\/loja\/wp-json\/wp\/v2\/pages\/188\/revisions"}],"predecessor-version":[{"id":248,"href":"https:\/\/opticasella.com.br\/loja\/wp-json\/wp\/v2\/pages\/188\/revisions\/248"}],"wp:featuredmedia":[{"embeddable":true,"href":"https:\/\/opticasella.com.br\/loja\/wp-json\/wp\/v2\/media\/249"}],"wp:attachment":[{"href":"https:\/\/opticasella.com.br\/loja\/wp-json\/wp\/v2\/media?parent=188"}],"curies":[{"name":"wp","href":"https:\/\/api.w.org\/{rel}","templated":true}]}}